{"id":212,"date":"2021-04-22T07:28:27","date_gmt":"2021-04-22T07:28:27","guid":{"rendered":"https:\/\/iscalit.ro\/?page_id=212"},"modified":"2025-04-24T06:38:17","modified_gmt":"2025-04-24T06:38:17","slug":"semnez-online","status":"publish","type":"page","link":"https:\/\/iscalit.ro\/","title":{"rendered":"Acasa noprices"},"content":{"rendered":"\t\t<div data-elementor-type=\"wp-page\" data-elementor-id=\"212\" class=\"elementor elementor-212\" data-elementor-settings=\"[]\">\n\t\t\t\t\t\t\t<div class=\"elementor-section-wrap\">\n\t\t\t\t\t\t\t<section class=\"elementor-section elementor-top-section elementor-element elementor-element-51e18fb elementor-section-stretched elementor-reverse-mobile elementor-section-boxed elementor-section-height-default elementor-section-height-default\" data-id=\"51e18fb\" data-element_type=\"section\" data-settings=\"{&quot;stretch_section&quot;:&quot;section-stretched&quot;,&quot;background_background&quot;:&quot;classic&quot;,&quot;shape_divider_top&quot;:&quot;waves&quot;,&quot;shape_divider_bottom&quot;:&quot;waves&quot;,&quot;shape_divider_bottom_negative&quot;:&quot;yes&quot;}\">\n\t\t\t\t\t\t\t<div class=\"elementor-background-overlay\"><\/div>\n\t\t\t\t\t\t<div class=\"elementor-shape elementor-shape-top\" data-negative=\"false\">\n\t\t\t<svg xmlns=\"http:\/\/www.w3.org\/2000\/svg\" viewBox=\"0 0 1000 100\" preserveAspectRatio=\"none\">\n\t<path class=\"elementor-shape-fill\" d=\"M421.9,6.5c22.6-2.5,51.5,0.4,75.5,5.3c23.6,4.9,70.9,23.5,100.5,35.7c75.8,32.2,133.7,44.5,192.6,49.7\n\tc23.6,2.1,48.7,3.5,103.4-2.5c54.7-6,106.2-25.6,106.2-25.6V0H0v30.3c0,0,72,32.6,158.4,30.5c39.2-0.7,92.8-6.7,134-22.4\n\tc21.2-8.1,52.2-18.2,79.7-24.2C399.3,7.9,411.6,7.5,421.9,6.5z\"\/>\n<\/svg>\t\t<\/div>\n\t\t\t\t<div class=\"elementor-shape elementor-shape-bottom\" data-negative=\"true\">\n\t\t\t<svg xmlns=\"http:\/\/www.w3.org\/2000\/svg\" viewBox=\"0 0 1000 100\" preserveAspectRatio=\"none\">\n\t<path class=\"elementor-shape-fill\" d=\"M790.5,93.1c-59.3-5.3-116.8-18-192.6-50c-29.6-12.7-76.9-31-100.5-35.9c-23.6-4.9-52.6-7.8-75.5-5.3\n\tc-10.2,1.1-22.6,1.4-50.1,7.4c-27.2,6.3-58.2,16.6-79.4,24.7c-41.3,15.9-94.9,21.9-134,22.6C72,58.2,0,25.8,0,25.8V100h1000V65.3\n\tc0,0-51.5,19.4-106.2,25.7C839.5,97,814.1,95.2,790.5,93.1z\"\/>\n<\/svg>\t\t<\/div>\n\t\t\t\t\t<div class=\"elementor-container elementor-column-gap-default\">\n\t\t\t\t\t<div class=\"elementor-column elementor-col-50 elementor-top-column elementor-element elementor-element-5d6983e\" data-id=\"5d6983e\" data-element_type=\"column\" data-settings=\"{&quot;background_background&quot;:&quot;classic&quot;}\">\n\t\t\t<div class=\"elementor-widget-wrap elementor-element-populated\">\n\t\t\t\t\t<div class=\"elementor-background-overlay\"><\/div>\n\t\t\t\t\t\t\t\t<section class=\"elementor-section elementor-inner-section elementor-element elementor-element-e6c79b3 elementor-section-boxed elementor-section-height-default elementor-section-height-default\" data-id=\"e6c79b3\" data-element_type=\"section\">\n\t\t\t\t\t\t<div class=\"elementor-container elementor-column-gap-default\">\n\t\t\t\t\t<div class=\"elementor-column elementor-col-100 elementor-inner-column elementor-element elementor-element-b05ff0e\" data-id=\"b05ff0e\" data-element_type=\"column\" data-settings=\"{&quot;background_background&quot;:&quot;classic&quot;}\">\n\t\t\t<div class=\"elementor-widget-wrap elementor-element-populated\">\n\t\t\t\t\t\t\t\t<div class=\"elementor-element elementor-element-3bfe3ed elementor-widget elementor-widget-spacer\" data-id=\"3bfe3ed\" data-element_type=\"widget\" data-widget_type=\"spacer.default\">\n\t\t\t\t<div class=\"elementor-widget-container\">\n\t\t\t\t\t<div class=\"elementor-spacer\">\n\t\t\t<div class=\"elementor-spacer-inner\"><\/div>\n\t\t<\/div>\n\t\t\t\t<\/div>\n\t\t\t\t<\/div>\n\t\t\t\t<div class=\"elementor-element elementor-element-f6ef34f elementor-pagination-position-inside elementor-arrows-position-inside elementor-widget elementor-widget-image-carousel\" data-id=\"f6ef34f\" data-element_type=\"widget\" data-settings=\"{&quot;slides_to_show&quot;:&quot;1&quot;,&quot;navigation&quot;:&quot;both&quot;,&quot;autoplay&quot;:&quot;yes&quot;,&quot;pause_on_hover&quot;:&quot;yes&quot;,&quot;pause_on_interaction&quot;:&quot;yes&quot;,&quot;autoplay_speed&quot;:5000,&quot;infinite&quot;:&quot;yes&quot;,&quot;effect&quot;:&quot;slide&quot;,&quot;speed&quot;:500}\" data-widget_type=\"image-carousel.default\">\n\t\t\t\t<div class=\"elementor-widget-container\">\n\t\t\t\t\t<div class=\"elementor-image-carousel-wrapper swiper-container\" dir=\"ltr\">\n\t\t\t<div class=\"elementor-image-carousel swiper-wrapper swiper-image-stretch\">\n\t\t\t\t<div class=\"swiper-slide\"><figure class=\"swiper-slide-inner\"><img decoding=\"async\" class=\"swiper-slide-image\" src=\"https:\/\/iscalit.ro\/wp-content\/uploads\/elementor\/thumbs\/undraw_Agreement_re_d4dv-p6aoy29gaw42bbahsbzc753wsgd9a66w4fkb8rxubk.png\" alt=\"undraw_Agreement_re_d4dv\" \/><\/figure><\/div>\t\t\t<\/div>\n\t\t\t\t\t<\/div>\n\t\t\t\t<\/div>\n\t\t\t\t<\/div>\n\t\t\t\t<div class=\"elementor-element elementor-element-df06ee2 elementor-widget elementor-widget-spacer\" data-id=\"df06ee2\" data-element_type=\"widget\" data-widget_type=\"spacer.default\">\n\t\t\t\t<div class=\"elementor-widget-container\">\n\t\t\t\t\t<div class=\"elementor-spacer\">\n\t\t\t<div class=\"elementor-spacer-inner\"><\/div>\n\t\t<\/div>\n\t\t\t\t<\/div>\n\t\t\t\t<\/div>\n\t\t\t\t\t<\/div>\n\t\t<\/div>\n\t\t\t\t\t\t\t<\/div>\n\t\t<\/section>\n\t\t\t\t\t<\/div>\n\t\t<\/div>\n\t\t\t\t<div class=\"elementor-column elementor-col-50 elementor-top-column elementor-element elementor-element-a39a691\" data-id=\"a39a691\" data-element_type=\"column\">\n\t\t\t<div class=\"elementor-widget-wrap elementor-element-populated\">\n\t\t\t\t\t\t\t\t<section class=\"elementor-section elementor-inner-section elementor-element elementor-element-54a4c45 elementor-section-full_width elementor-section-height-default elementor-section-height-default\" data-id=\"54a4c45\" data-element_type=\"section\" data-settings=\"{&quot;animation_mobile&quot;:&quot;none&quot;}\">\n\t\t\t\t\t\t<div class=\"elementor-container elementor-column-gap-default\">\n\t\t\t\t\t<div class=\"elementor-column elementor-col-100 elementor-inner-column elementor-element elementor-element-0857e7f\" data-id=\"0857e7f\" data-element_type=\"column\">\n\t\t\t<div class=\"elementor-widget-wrap elementor-element-populated\">\n\t\t\t\t\t\t\t\t<div class=\"elementor-element elementor-element-0143b4f animated-fast elementor-view-default elementor-invisible elementor-widget elementor-widget-icon\" data-id=\"0143b4f\" data-element_type=\"widget\" data-settings=\"{&quot;_animation&quot;:&quot;fadeInUp&quot;,&quot;_animation_delay&quot;:200}\" data-widget_type=\"icon.default\">\n\t\t\t\t<div class=\"elementor-widget-container\">\n\t\t\t\t\t<div class=\"elementor-icon-wrapper\">\n\t\t\t<div class=\"elementor-icon\">\n\t\t\t<i aria-hidden=\"true\" class=\"fas fa-pen\"><\/i>\t\t\t<\/div>\n\t\t<\/div>\n\t\t\t\t<\/div>\n\t\t\t\t<\/div>\n\t\t\t\t\t<\/div>\n\t\t<\/div>\n\t\t\t\t\t\t\t<\/div>\n\t\t<\/section>\n\t\t\t\t<div class=\"elementor-element elementor-element-52bb69f elementor-widget elementor-widget-text-editor\" data-id=\"52bb69f\" data-element_type=\"widget\" data-widget_type=\"text-editor.default\">\n\t\t\t\t<div class=\"elementor-widget-container\">\n\t\t\t\t\t<div class=\"elementor-text-editor elementor-clearfix\"><p class=\"\" data-start=\"0\" data-end=\"10\"><span style=\"font-size: 1rem;\">V\u0103 inform\u0103m cu regret c\u0103, din motive strategice, serviciul iscalit.ro va fi \u00eenchis definitiv \u00eencep\u00e2nd cu data de 1 septembrie 2025. P\u00e2n\u0103 atunci, v\u0103 pute\u021bi accesa \u0219i desc\u0103rca \u00een continuare documentele semnate prin platform\u0103. Dup\u0103 aceast\u0103 dat\u0103, accesul la conturi nu va mai fi disponibil.<\/span><\/p>\n<p class=\"\" data-start=\"320\" data-end=\"570\">V\u0103 mul\u021bumim pentru \u00eencrederea acordat\u0103 de-a lungul timpului \u0219i ne cerem scuze pentru eventualele inconveniente. Pentru orice \u00eentreb\u0103ri sau asisten\u021b\u0103 suplimentar\u0103, ne pute\u021bi contacta&nbsp;la num\u0103rul de telefon 0747 345 526.<\/p>\n<p class=\"\" data-start=\"572\" data-end=\"601\">Cu stim\u0103,<br data-start=\"581\" data-end=\"584\">Echipa iscalit.ro<\/p><\/div>\n\t\t\t\t<\/div>\n\t\t\t\t<\/div>\n\t\t\t\t<section class=\"elementor-section elementor-inner-section elementor-element elementor-element-b606943 elementor-section-full_width elementor-section-height-default elementor-section-height-default\" data-id=\"b606943\" data-element_type=\"section\">\n\t\t\t\t\t\t<div class=\"elementor-container elementor-column-gap-default\">\n\t\t\t\t\t<div class=\"elementor-column elementor-col-50 elementor-inner-column elementor-element elementor-element-1515a3e\" data-id=\"1515a3e\" data-element_type=\"column\">\n\t\t\t<div class=\"elementor-widget-wrap\">\n\t\t\t\t\t\t\t\t\t<\/div>\n\t\t<\/div>\n\t\t\t\t<div class=\"elementor-column elementor-col-50 elementor-inner-column elementor-element elementor-element-c427b0f\" data-id=\"c427b0f\" data-element_type=\"column\">\n\t\t\t<div class=\"elementor-widget-wrap elementor-element-populated\">\n\t\t\t\t\t\t\t\t<div class=\"elementor-element elementor-element-d17d097 elementor-align-left elementor-mobile-align-center elementor-widget elementor-widget-button\" data-id=\"d17d097\" data-element_type=\"widget\" data-widget_type=\"button.default\">\n\t\t\t\t<div class=\"elementor-widget-container\">\n\t\t\t\t\t<div class=\"elementor-button-wrapper\">\n\t\t\t<a href=\"https:\/\/app.iscalit.ro\" class=\"elementor-button-link elementor-button elementor-size-md\" role=\"button\">\n\t\t\t\t\t\t<span class=\"elementor-button-content-wrapper\">\n\t\t\t\t\t\t<span class=\"elementor-button-icon elementor-align-icon-left\">\n\t\t\t\t<i aria-hidden=\"true\" class=\"fas fa-user\"><\/i>\t\t\t<\/span>\n\t\t\t\t\t\t<span class=\"elementor-button-text\">Conecteaz\u0103-te<\/span>\n\t\t<\/span>\n\t\t\t\t\t<\/a>\n\t\t<\/div>\n\t\t\t\t<\/div>\n\t\t\t\t<\/div>\n\t\t\t\t\t<\/div>\n\t\t<\/div>\n\t\t\t\t\t\t\t<\/div>\n\t\t<\/section>\n\t\t\t\t\t<\/div>\n\t\t<\/div>\n\t\t\t\t\t\t\t<\/div>\n\t\t<\/section>\n\t\t\t\t\t\t<\/div>\n\t\t\t\t\t<\/div>\n\t\t","protected":false},"excerpt":{"rendered":"<p>V\u0103 inform\u0103m cu regret c\u0103, din motive strategice, serviciul iscalit.ro va fi \u00eenchis definitiv \u00eencep\u00e2nd cu data de 1 septembrie 2025. P\u00e2n\u0103 atunci, v\u0103 pute\u021bi accesa \u0219i desc\u0103rca \u00een continuare documentele semnate prin platform\u0103. Dup\u0103 aceast\u0103 dat\u0103, accesul la conturi nu va mai fi disponibil. V\u0103 mul\u021bumim pentru \u00eencrederea acordat\u0103 de-a lungul timpului \u0219i ne [&hellip;]<\/p>\n","protected":false},"author":1,"featured_media":0,"parent":0,"menu_order":0,"comment_status":"closed","ping_status":"closed","template":"elementor_header_footer","meta":{"footnotes":""},"class_list":["post-212","page","type-page","status-publish","hentry"],"yoast_head":"<!-- This site is optimized with the Yoast SEO plugin v16.1.1 - https:\/\/yoast.com\/wordpress\/plugins\/seo\/ -->\n<title>iscalit.ro - Semneaz\u0103 documente online gratuit - Semnaturi digitale<\/title>\n<meta name=\"description\" content=\"Respect\u0103-\u021bi timpul \u0219i semneaz\u0103 documente online \u00een c\u00e2teva clickuri. Renun\u021b\u0103 la printat, semnat, scanat documente. Contracte semnate rapid.\" \/>\n<link rel=\"canonical\" href=\"https:\/\/iscalit.ro\/\" \/>\n<meta property=\"og:locale\" content=\"en_US\" \/>\n<meta property=\"og:type\" content=\"article\" \/>\n<meta property=\"og:title\" content=\"iscalit.ro - Semneaz\u0103 documente online gratuit - Semnaturi digitale\" \/>\n<meta property=\"og:description\" content=\"Respect\u0103-\u021bi timpul \u0219i semneaz\u0103 documente online \u00een c\u00e2teva clickuri. Renun\u021b\u0103 la printat, semnat, scanat documente. Contracte semnate rapid.\" \/>\n<meta property=\"og:url\" content=\"https:\/\/iscalit.ro\/\" \/>\n<meta property=\"og:site_name\" content=\"iscalit.ro\" \/>\n<meta property=\"article:modified_time\" content=\"2025-04-24T06:38:17+00:00\" \/>\n<meta property=\"og:image\" content=\"https:\/\/iscalit.ro\/wp-content\/uploads\/elementor\/thumbs\/undraw_Agreement_re_d4dv-p6aoy29gaw42bbahsbzc753wsgd9a66w4fkb8rxubk.png\" \/>\n<meta name=\"twitter:card\" content=\"summary_large_image\" \/>\n<meta name=\"twitter:label1\" content=\"Est. reading time\">\n\t<meta name=\"twitter:data1\" content=\"1 minute\">\n<script type=\"application\/ld+json\" class=\"yoast-schema-graph\">{\"@context\":\"https:\/\/schema.org\",\"@graph\":[{\"@type\":\"Organization\",\"@id\":\"https:\/\/iscalit.ro\/#organization\",\"name\":\"iscalit.ro\",\"url\":\"https:\/\/iscalit.ro\/\",\"sameAs\":[],\"logo\":{\"@type\":\"ImageObject\",\"@id\":\"https:\/\/iscalit.ro\/#logo\",\"inLanguage\":\"en-US\",\"url\":\"https:\/\/iscalit.ro\/wp-content\/uploads\/2021\/04\/cropped-ic_pencil_black_48dp.png\",\"contentUrl\":\"https:\/\/iscalit.ro\/wp-content\/uploads\/2021\/04\/cropped-ic_pencil_black_48dp.png\",\"width\":512,\"height\":512,\"caption\":\"iscalit.ro\"},\"image\":{\"@id\":\"https:\/\/iscalit.ro\/#logo\"}},{\"@type\":\"WebSite\",\"@id\":\"https:\/\/iscalit.ro\/#website\",\"url\":\"https:\/\/iscalit.ro\/\",\"name\":\"iscalit.ro\",\"description\":\"Semnezi documente online, rapid si sigur\",\"publisher\":{\"@id\":\"https:\/\/iscalit.ro\/#organization\"},\"potentialAction\":[{\"@type\":\"SearchAction\",\"target\":\"https:\/\/iscalit.ro\/?s={search_term_string}\",\"query-input\":\"required name=search_term_string\"}],\"inLanguage\":\"en-US\"},{\"@type\":\"ImageObject\",\"@id\":\"https:\/\/iscalit.ro\/#primaryimage\",\"inLanguage\":\"en-US\",\"url\":\"https:\/\/iscalit.ro\/wp-content\/uploads\/elementor\/thumbs\/undraw_Agreement_re_d4dv-p6aoy29gaw42bbahsbzc753wsgd9a66w4fkb8rxubk.png\",\"contentUrl\":\"https:\/\/iscalit.ro\/wp-content\/uploads\/elementor\/thumbs\/undraw_Agreement_re_d4dv-p6aoy29gaw42bbahsbzc753wsgd9a66w4fkb8rxubk.png\"},{\"@type\":\"WebPage\",\"@id\":\"https:\/\/iscalit.ro\/#webpage\",\"url\":\"https:\/\/iscalit.ro\/\",\"name\":\"iscalit.ro - Semneaz\\u0103 documente online gratuit - Semnaturi digitale\",\"isPartOf\":{\"@id\":\"https:\/\/iscalit.ro\/#website\"},\"primaryImageOfPage\":{\"@id\":\"https:\/\/iscalit.ro\/#primaryimage\"},\"datePublished\":\"2021-04-22T07:28:27+00:00\",\"dateModified\":\"2025-04-24T06:38:17+00:00\",\"description\":\"Respect\\u0103-\\u021bi timpul \\u0219i semneaz\\u0103 documente online \\u00een c\\u00e2teva clickuri. Renun\\u021b\\u0103 la printat, semnat, scanat documente. Contracte semnate rapid.\",\"breadcrumb\":{\"@id\":\"https:\/\/iscalit.ro\/#breadcrumb\"},\"inLanguage\":\"en-US\",\"potentialAction\":[{\"@type\":\"ReadAction\",\"target\":[\"https:\/\/iscalit.ro\/\"]}]},{\"@type\":\"BreadcrumbList\",\"@id\":\"https:\/\/iscalit.ro\/#breadcrumb\",\"itemListElement\":[{\"@type\":\"ListItem\",\"position\":1,\"item\":{\"@type\":\"WebPage\",\"@id\":\"https:\/\/iscalit.ro\/\",\"url\":\"https:\/\/iscalit.ro\/\",\"name\":\"Home\"}},{\"@type\":\"ListItem\",\"position\":2,\"item\":{\"@type\":\"WebPage\",\"@id\":\"https:\/\/iscalit.ro\/\",\"url\":\"https:\/\/iscalit.ro\/\",\"name\":\"Acasa noprices\"}}]}]}<\/script>\n<!-- \/ Yoast SEO plugin. -->","_links":{"self":[{"href":"https:\/\/iscalit.ro\/index.php\/wp-json\/wp\/v2\/pages\/212","targetHints":{"allow":["GET"]}}],"collection":[{"href":"https:\/\/iscalit.ro\/index.php\/wp-json\/wp\/v2\/pages"}],"about":[{"href":"https:\/\/iscalit.ro\/index.php\/wp-json\/wp\/v2\/types\/page"}],"author":[{"embeddable":true,"href":"https:\/\/iscalit.ro\/index.php\/wp-json\/wp\/v2\/users\/1"}],"replies":[{"embeddable":true,"href":"https:\/\/iscalit.ro\/index.php\/wp-json\/wp\/v2\/comments?post=212"}],"version-history":[{"count":171,"href":"https:\/\/iscalit.ro\/index.php\/wp-json\/wp\/v2\/pages\/212\/revisions"}],"predecessor-version":[{"id":433,"href":"https:\/\/iscalit.ro\/index.php\/wp-json\/wp\/v2\/pages\/212\/revisions\/433"}],"wp:attachment":[{"href":"https:\/\/iscalit.ro\/index.php\/wp-json\/wp\/v2\/media?parent=212"}],"curies":[{"name":"wp","href":"https:\/\/api.w.org\/{rel}","templated":true}]}}